{"id":2352,"date":"2025-03-19T11:03:54","date_gmt":"2025-03-19T10:03:54","guid":{"rendered":"http:\/\/beatcore.co\/?page_id=2352"},"modified":"2025-10-28T12:40:45","modified_gmt":"2025-10-28T11:40:45","slug":"careers","status":"publish","type":"page","link":"https:\/\/beatcore.co\/en\/careers\/","title":{"rendered":"Careers"},"content":{"rendered":"<div data-elementor-type=\"wp-page\" data-elementor-id=\"2352\" class=\"elementor elementor-2352\" data-elementor-post-type=\"page\">\n\t\t\t\t<div class=\"elementor-element elementor-element-364d8a94 e-flex e-con-boxed e-con e-parent\" data-id=\"364d8a94\" data-element_type=\"container\" data-settings=\"{&quot;background_motion_fx_motion_fx_scrolling&quot;:&quot;yes&quot;,&quot;background_motion_fx_blur_effect&quot;:&quot;yes&quot;,&quot;background_motion_fx_blur_direction&quot;:&quot;in-out&quot;,&quot;background_motion_fx_blur_level&quot;:{&quot;unit&quot;:&quot;px&quot;,&quot;size&quot;:4,&quot;sizes&quot;:[]},&quot;background_motion_fx_blur_range&quot;:{&quot;unit&quot;:&quot;%&quot;,&quot;size&quot;:&quot;&quot;,&quot;sizes&quot;:{&quot;start&quot;:16,&quot;end&quot;:89}},&quot;background_background&quot;:&quot;classic&quot;,&quot;background_motion_fx_devices&quot;:[&quot;desktop&quot;,&quot;tablet&quot;,&quot;mobile&quot;]}\">\n\t\t\t\t\t<div class=\"e-con-inner\">\n\t\t\t\t<div class=\"elementor-element elementor-element-4474011a elementor-widget elementor-widget-heading\" data-id=\"4474011a\" data-element_type=\"widget\" data-widget_type=\"heading.default\">\n\t\t\t\t<div class=\"elementor-widget-container\">\n\t\t\t\t\t<h2 class=\"elementor-heading-title elementor-size-default\">CAREERS AT BEATCORE<\/h2>\t\t\t\t<\/div>\n\t\t\t\t<\/div>\n\t\t\t\t<div class=\"elementor-element elementor-element-0393991 elementor-widget elementor-widget-text-editor\" data-id=\"0393991\" data-element_type=\"widget\" data-widget_type=\"text-editor.default\">\n\t\t\t\t<div class=\"elementor-widget-container\">\n\t\t\t\t\t\t\t\t\t<p>\u00bfQuieres convertir tu lugar de entrenamiento favorito en tu lugar de trabajo? Empieza hoy tu carrera envi\u00e1ndonos tus puestos vacantes. Nuestra Misi\u00f3n contin\u00faa siendo la misma que con la que comenzamos: Promover el bienestar y la salud de manera efectiva y comprometida de nuestro equipo y clientes.<\/p>\t\t\t\t\t\t\t\t<\/div>\n\t\t\t\t<\/div>\n\t\t\t\t\t<\/div>\n\t\t\t\t<\/div>\n\t\t<div class=\"elementor-element elementor-element-55ba3dc e-flex e-con-boxed e-con e-parent\" data-id=\"55ba3dc\" data-element_type=\"container\" data-settings=\"{&quot;background_background&quot;:&quot;classic&quot;}\">\n\t\t\t\t\t<div class=\"e-con-inner\">\n\t\t\t\t<div class=\"elementor-element elementor-element-7fc6cf1 elementor-widget elementor-widget-icon-box\" data-id=\"7fc6cf1\" data-element_type=\"widget\" data-widget_type=\"icon-box.default\">\n\t\t\t\t<div class=\"elementor-widget-container\">\n\t\t\t\t\t\t\t<div class=\"elementor-icon-box-wrapper\">\n\n\t\t\t\n\t\t\t\t\t\t<div class=\"elementor-icon-box-content\">\n\n\t\t\t\t\t\t\t\t\t<h3 class=\"elementor-icon-box-title\">\n\t\t\t\t\t\t<span  >\n\t\t\t\t\t\t\tOur Core Values\t\t\t\t\t\t<\/span>\n\t\t\t\t\t<\/h3>\n\t\t\t\t\n\t\t\t\t\n\t\t\t<\/div>\n\t\t\t\n\t\t<\/div>\n\t\t\t\t\t\t<\/div>\n\t\t\t\t<\/div>\n\t\t\t\t<div class=\"elementor-element elementor-element-49b17b3 elementor-widget-divider--view-line elementor-widget elementor-widget-divider\" data-id=\"49b17b3\" data-element_type=\"widget\" data-widget_type=\"divider.default\">\n\t\t\t\t<div class=\"elementor-widget-container\">\n\t\t\t\t\t\t\t<div class=\"elementor-divider\">\n\t\t\t<span class=\"elementor-divider-separator\">\n\t\t\t\t\t\t<\/span>\n\t\t<\/div>\n\t\t\t\t\t\t<\/div>\n\t\t\t\t<\/div>\n\t\t\t\t<div class=\"elementor-element elementor-element-2e28091 elementor-widget elementor-widget-text-editor\" data-id=\"2e28091\" data-element_type=\"widget\" data-widget_type=\"text-editor.default\">\n\t\t\t\t<div class=\"elementor-widget-container\">\n\t\t\t\t\t\t\t\t\t<p>We operate based on values that bring us closer to our vision of becoming a leading reference in well-being in Europe. These values are Honesty with Commitment and Innovation with Enjoyment.<\/p>\t\t\t\t\t\t\t\t<\/div>\n\t\t\t\t<\/div>\n\t\t<div class=\"elementor-element elementor-element-0c8a159 e-grid e-con-full e-con e-child\" data-id=\"0c8a159\" data-element_type=\"container\">\n\t\t\t\t<div class=\"elementor-element elementor-element-bb484b3 elementor-widget elementor-widget-icon-box\" data-id=\"bb484b3\" data-element_type=\"widget\" data-widget_type=\"icon-box.default\">\n\t\t\t\t<div class=\"elementor-widget-container\">\n\t\t\t\t\t\t\t<div class=\"elementor-icon-box-wrapper\">\n\n\t\t\t\n\t\t\t\t\t\t<div class=\"elementor-icon-box-content\">\n\n\t\t\t\t\t\t\t\t\t<h3 class=\"elementor-icon-box-title\">\n\t\t\t\t\t\t<span  >\n\t\t\t\t\t\t\tOngoing improvement\t\t\t\t\t\t<\/span>\n\t\t\t\t\t<\/h3>\n\t\t\t\t\n\t\t\t\t\t\t\t\t\t<p class=\"elementor-icon-box-description\">\n\t\t\t\t\t\tEmpowers our members to achieve positive changes in their health and their lives.\t\t\t\t\t<\/p>\n\t\t\t\t\n\t\t\t<\/div>\n\t\t\t\n\t\t<\/div>\n\t\t\t\t\t\t<\/div>\n\t\t\t\t<\/div>\n\t\t\t\t<div class=\"elementor-element elementor-element-dd0a188 elementor-widget elementor-widget-icon-box\" data-id=\"dd0a188\" data-element_type=\"widget\" data-widget_type=\"icon-box.default\">\n\t\t\t\t<div class=\"elementor-widget-container\">\n\t\t\t\t\t\t\t<div class=\"elementor-icon-box-wrapper\">\n\n\t\t\t\n\t\t\t\t\t\t<div class=\"elementor-icon-box-content\">\n\n\t\t\t\t\t\t\t\t\t<h3 class=\"elementor-icon-box-title\">\n\t\t\t\t\t\t<span  >\n\t\t\t\t\t\t\tInclusion and community\t\t\t\t\t\t<\/span>\n\t\t\t\t\t<\/h3>\n\t\t\t\t\n\t\t\t\t\t\t\t\t\t<p class=\"elementor-icon-box-description\">\n\t\t\t\t\t\tProvides a welcoming, safe, and supportive space so everyone can experience the benefits.\t\t\t\t\t<\/p>\n\t\t\t\t\n\t\t\t<\/div>\n\t\t\t\n\t\t<\/div>\n\t\t\t\t\t\t<\/div>\n\t\t\t\t<\/div>\n\t\t\t\t<div class=\"elementor-element elementor-element-df070e9 elementor-widget elementor-widget-icon-box\" data-id=\"df070e9\" data-element_type=\"widget\" data-widget_type=\"icon-box.default\">\n\t\t\t\t<div class=\"elementor-widget-container\">\n\t\t\t\t\t\t\t<div class=\"elementor-icon-box-wrapper\">\n\n\t\t\t\n\t\t\t\t\t\t<div class=\"elementor-icon-box-content\">\n\n\t\t\t\t\t\t\t\t\t<h3 class=\"elementor-icon-box-title\">\n\t\t\t\t\t\t<span  >\n\t\t\t\t\t\t\tQuality and consistency\t\t\t\t\t\t<\/span>\n\t\t\t\t\t<\/h3>\n\t\t\t\t\n\t\t\t\t\t\t\t\t\t<p class=\"elementor-icon-box-description\">\n\t\t\t\t\t\tAll studios offer a high-quality experience, with excellent instructors, providing unique value.\t\t\t\t\t<\/p>\n\t\t\t\t\n\t\t\t<\/div>\n\t\t\t\n\t\t<\/div>\n\t\t\t\t\t\t<\/div>\n\t\t\t\t<\/div>\n\t\t\t\t<\/div>\n\t\t\t\t\t<\/div>\n\t\t\t\t<\/div>\n\t\t<div class=\"elementor-element elementor-element-66e4eb7 e-flex e-con-boxed e-con e-parent\" data-id=\"66e4eb7\" data-element_type=\"container\">\n\t\t\t\t\t<div class=\"e-con-inner\">\n\t\t<div class=\"elementor-element elementor-element-bc7928e e-con-full e-flex e-con e-child\" data-id=\"bc7928e\" data-element_type=\"container\" data-settings=\"{&quot;animation&quot;:&quot;none&quot;}\">\n\t\t\t\t<div class=\"elementor-element elementor-element-1a02dcd elementor-widget elementor-widget-heading\" data-id=\"1a02dcd\" data-element_type=\"widget\" data-widget_type=\"heading.default\">\n\t\t\t\t<div class=\"elementor-widget-container\">\n\t\t\t\t\t<h2 class=\"elementor-heading-title elementor-size-default\">JOB APPLICATION<\/h2>\t\t\t\t<\/div>\n\t\t\t\t<\/div>\n\t\t\t\t<div class=\"elementor-element elementor-element-eb36caa elementor-widget-divider--view-line elementor-widget elementor-widget-divider\" data-id=\"eb36caa\" data-element_type=\"widget\" data-widget_type=\"divider.default\">\n\t\t\t\t<div class=\"elementor-widget-container\">\n\t\t\t\t\t\t\t<div class=\"elementor-divider\">\n\t\t\t<span class=\"elementor-divider-separator\">\n\t\t\t\t\t\t<\/span>\n\t\t<\/div>\n\t\t\t\t\t\t<\/div>\n\t\t\t\t<\/div>\n\t\t\t\t<\/div>\n\t\t\t\t\t<\/div>\n\t\t\t\t<\/div>\n\t\t<div class=\"elementor-element elementor-element-ed90f2e e-flex e-con-boxed e-con e-parent\" data-id=\"ed90f2e\" data-element_type=\"container\">\n\t\t\t\t\t<div class=\"e-con-inner\">\n\t\t\t\t<div class=\"elementor-element elementor-element-13eb154 elementor-button-align-stretch elementor-widget elementor-widget-form\" data-id=\"13eb154\" data-element_type=\"widget\" data-settings=\"{&quot;step_next_label&quot;:&quot;Next&quot;,&quot;step_previous_label&quot;:&quot;Previous&quot;,&quot;button_width&quot;:&quot;100&quot;,&quot;step_type&quot;:&quot;number_text&quot;,&quot;step_icon_shape&quot;:&quot;circle&quot;}\" data-widget_type=\"form.default\">\n\t\t\t\t<div class=\"elementor-widget-container\">\n\t\t\t\t\t\t\t<form class=\"elementor-form\" method=\"post\" name=\"Empleo Beatcore\" aria-label=\"Empleo Beatcore\" action=\"\">\n\t\t\t<input type=\"hidden\" name=\"post_id\" value=\"2352\"\/>\n\t\t\t<input type=\"hidden\" name=\"form_id\" value=\"13eb154\"\/>\n\t\t\t<input type=\"hidden\" name=\"referer_title\" value=\"Careers - beatcore.co\" \/>\n\n\t\t\t\t\t\t\t<input type=\"hidden\" name=\"queried_id\" value=\"2352\"\/>\n\t\t\t\n\t\t\t<div class=\"elementor-form-fields-wrapper elementor-labels-above\">\n\t\t\t\t\t\t\t\t<div class=\"elementor-field-type-text elementor-field-group elementor-column elementor-field-group-name elementor-col-50 elementor-field-required\">\n\t\t\t\t\t\t\t\t\t\t\t\t\t<input size=\"1\" type=\"text\" name=\"form_fields[name]\" id=\"form-field-name\" class=\"elementor-field elementor-size-md  elementor-field-textual\" placeholder=\"Name\" required=\"required\">\n\t\t\t\t\t\t\t\t\t\t\t<\/div>\n\t\t\t\t\t\t\t\t<div class=\"elementor-field-type-text elementor-field-group elementor-column elementor-field-group-field_34e49e1 elementor-col-50 elementor-field-required\">\n\t\t\t\t\t\t\t\t\t\t\t\t\t<input size=\"1\" type=\"text\" name=\"form_fields[field_34e49e1]\" id=\"form-field-field_34e49e1\" class=\"elementor-field elementor-size-md  elementor-field-textual\" placeholder=\"Last name\" required=\"required\">\n\t\t\t\t\t\t\t\t\t\t\t<\/div>\n\t\t\t\t\t\t\t\t<div class=\"elementor-field-type-email elementor-field-group elementor-column elementor-field-group-email elementor-col-50 elementor-field-required\">\n\t\t\t\t\t\t\t\t\t\t\t\t\t<input size=\"1\" type=\"email\" name=\"form_fields[email]\" id=\"form-field-email\" class=\"elementor-field elementor-size-md  elementor-field-textual\" placeholder=\"Email\" required=\"required\">\n\t\t\t\t\t\t\t\t\t\t\t<\/div>\n\t\t\t\t\t\t\t\t<div class=\"elementor-field-type-text elementor-field-group elementor-column elementor-field-group-field_06d4b37 elementor-col-50 elementor-field-required\">\n\t\t\t\t\t\t\t\t\t\t\t\t\t<input size=\"1\" type=\"text\" name=\"form_fields[field_06d4b37]\" id=\"form-field-field_06d4b37\" class=\"elementor-field elementor-size-md  elementor-field-textual\" placeholder=\"Phone\" required=\"required\">\n\t\t\t\t\t\t\t\t\t\t\t<\/div>\n\t\t\t\t\t\t\t\t<div class=\"elementor-field-type-select elementor-field-group elementor-column elementor-field-group-field_d8cb6ab elementor-col-50 elementor-field-required\">\n\t\t\t\t\t\t\t\t\t\t\t\t<label for=\"form-field-field_d8cb6ab\" class=\"elementor-field-label\">\n\t\t\t\t\t\t\t\tPosition of interest\t\t\t\t\t\t\t<\/label>\n\t\t\t\t\t\t\t\t<div class=\"elementor-field elementor-select-wrapper remove-before\">\n\t\t\t<div class=\"select-caret-down-wrapper\">\n\t\t\t\t<svg aria-hidden=\"true\" class=\"e-font-icon-svg e-eicon-caret-down\" viewbox=\"0 0 571.4 571.4\" xmlns=\"http:\/\/www.w3.org\/2000\/svg\"><path d=\"M571 393Q571 407 561 418L311 668Q300 679 286 679T261 668L11 418Q0 407 0 393T11 368 36 357H536Q550 357 561 368T571 393Z\"><\/path><\/svg>\t\t\t<\/div>\n\t\t\t<select name=\"form_fields[field_d8cb6ab]\" id=\"form-field-field_d8cb6ab\" class=\"elementor-field-textual elementor-size-md\" required=\"required\">\n\t\t\t\t\t\t\t\t\t<option value=\"Instructor\/Coach\">Instructor\/Coach<\/option>\n\t\t\t\t\t\t\t\t\t<option value=\"Marketing\/Comunidad\">Marketing\/Community<\/option>\n\t\t\t\t\t\t\t\t\t<option value=\"Nutrici\u00f3n\">Nutrition<\/option>\n\t\t\t\t\t\t\t<\/select>\n\t\t<\/div>\n\t\t\t\t\t\t<\/div>\n\t\t\t\t\t\t\t\t<div class=\"elementor-field-type-select elementor-field-group elementor-column elementor-field-group-field_55a8cc7 elementor-col-50 elementor-field-required\">\n\t\t\t\t\t\t\t\t\t\t\t\t<label for=\"form-field-field_55a8cc7\" class=\"elementor-field-label\">\n\t\t\t\t\t\t\t\tCity of interest\t\t\t\t\t\t\t<\/label>\n\t\t\t\t\t\t\t\t<div class=\"elementor-field elementor-select-wrapper remove-before\">\n\t\t\t<div class=\"select-caret-down-wrapper\">\n\t\t\t\t<svg aria-hidden=\"true\" class=\"e-font-icon-svg e-eicon-caret-down\" viewbox=\"0 0 571.4 571.4\" xmlns=\"http:\/\/www.w3.org\/2000\/svg\"><path d=\"M571 393Q571 407 561 418L311 668Q300 679 286 679T261 668L11 418Q0 407 0 393T11 368 36 357H536Q550 357 561 368T571 393Z\"><\/path><\/svg>\t\t\t<\/div>\n\t\t\t<select name=\"form_fields[field_55a8cc7]\" id=\"form-field-field_55a8cc7\" class=\"elementor-field-textual elementor-size-md\" required=\"required\">\n\t\t\t\t\t\t\t\t\t<option value=\"Madrid\">Madrid<\/option>\n\t\t\t\t\t\t\t\t\t<option value=\"Barcelona\">Barcelona<\/option>\n\t\t\t\t\t\t\t\t\t<option value=\"Valencia\">Valencia<\/option>\n\t\t\t\t\t\t\t<\/select>\n\t\t<\/div>\n\t\t\t\t\t\t<\/div>\n\t\t\t\t\t\t\t\t<div class=\"elementor-field-type-upload elementor-field-group elementor-column elementor-field-group-field_1b371c4 elementor-col-50 elementor-field-required\">\n\t\t\t\t\t\t\t\t\t\t\t\t<label for=\"form-field-field_1b371c4\" class=\"elementor-field-label\">\n\t\t\t\t\t\t\t\tCurriculum Vitae\t\t\t\t\t\t\t<\/label>\n\t\t\t\t\t\t\t\t<input type=\"file\" name=\"form_fields[field_1b371c4]\" id=\"form-field-field_1b371c4\" class=\"elementor-field elementor-size-md  elementor-upload-field\" required=\"required\" data-maxsize=\"2\" data-maxsize-message=\"This file exceeds the maximum allowed size.\">\n\n\t\t\t\t\t\t<\/div>\n\t\t\t\t\t\t\t\t<div class=\"elementor-field-type-upload elementor-field-group elementor-column elementor-field-group-field_a40a306 elementor-col-50\">\n\t\t\t\t\t\t\t\t\t\t\t\t<label for=\"form-field-field_a40a306\" class=\"elementor-field-label\">\n\t\t\t\t\t\t\t\tCover letter\t\t\t\t\t\t\t<\/label>\n\t\t\t\t\t\t\t\t<input type=\"file\" name=\"form_fields[field_a40a306]\" id=\"form-field-field_a40a306\" class=\"elementor-field elementor-size-md  elementor-upload-field\" data-maxsize=\"2\" data-maxsize-message=\"This file exceeds the maximum allowed size.\">\n\n\t\t\t\t\t\t<\/div>\n\t\t\t\t\t\t\t\t<div class=\"elementor-field-group elementor-column elementor-field-type-submit elementor-col-100 e-form__buttons\">\n\t\t\t\t\t<button class=\"elementor-button elementor-size-sm\" type=\"submit\">\n\t\t\t\t\t\t<span class=\"elementor-button-content-wrapper\">\n\t\t\t\t\t\t\t\t\t\t\t\t\t\t\t\t\t\t\t\t\t\t<span class=\"elementor-button-text\">SEND<\/span>\n\t\t\t\t\t\t\t\t\t\t\t\t\t<\/span>\n\t\t\t\t\t<\/button>\n\t\t\t\t<\/div>\n\t\t\t<\/div>\n\t\t<input type=\"hidden\" name=\"trp-form-language\" value=\"en\"\/><\/form>\n\t\t\t\t\t\t<\/div>\n\t\t\t\t<\/div>\n\t\t\t\t\t<\/div>\n\t\t\t\t<\/div>\n\t\t\t\t<\/div>","protected":false},"excerpt":{"rendered":"<p>TALENTO BEATCORE \u00bfQuieres convertir tu lugar de entrenamiento favorito en tu lugar de trabajo? Empieza hoy tu carrera envi\u00e1ndonos tus puestos vacantes. Nuestra Misi\u00f3n contin\u00faa siendo la misma que con la que comenzamos: Promover el bienestar y la salud de manera efectiva y comprometida de nuestro equipo y clientes. Nuestros Valores Trabajamos desde unos valores [&hellip;]<\/p>","protected":false},"author":1,"featured_media":0,"parent":0,"menu_order":0,"comment_status":"closed","ping_status":"closed","template":"","meta":{"footnotes":""},"class_list":["post-2352","page","type-page","status-publish","hentry"],"yoast_head":"<!-- This site is optimized with the Yoast SEO plugin v26.2 - https:\/\/yoast.com\/wordpress\/plugins\/seo\/ -->\n<title>Careers - beatcore.co<\/title>\n<meta name=\"description\" content=\"BeatCore TRAIN ofrece un entrenamiento personalizado que combina bajo impacto y alta intensidad. Buscamos una activaci\u00f3n muscular eficiente y mejoras f\u00edsicas integrales.\" \/>\n<meta name=\"robots\" content=\"index, follow, max-snippet:-1, max-image-preview:large, max-video-preview:-1\" \/>\n<link rel=\"canonical\" href=\"https:\/\/beatcore.co\/en\/careers\/\" \/>\n<meta property=\"og:locale\" content=\"en_GB\" \/>\n<meta property=\"og:type\" content=\"article\" \/>\n<meta property=\"og:title\" content=\"Careers - beatcore.co\" \/>\n<meta property=\"og:description\" content=\"BeatCore TRAIN ofrece un entrenamiento personalizado que combina bajo impacto y alta intensidad. Buscamos una activaci\u00f3n muscular eficiente y mejoras f\u00edsicas integrales.\" \/>\n<meta property=\"og:url\" content=\"https:\/\/beatcore.co\/en\/careers\/\" \/>\n<meta property=\"og:site_name\" content=\"beatcore.co\" \/>\n<meta property=\"article:modified_time\" content=\"2025-10-28T11:40:45+00:00\" \/>\n<meta name=\"twitter:card\" content=\"summary_large_image\" \/>\n<meta name=\"twitter:label1\" content=\"Estimated reading time\" \/>\n\t<meta name=\"twitter:data1\" content=\"1 minute\" \/>\n<script type=\"application\/ld+json\" class=\"yoast-schema-graph\">{\"@context\":\"https:\/\/schema.org\",\"@graph\":[{\"@type\":\"WebPage\",\"@id\":\"https:\/\/beatcore.co\/careers\/\",\"url\":\"https:\/\/beatcore.co\/careers\/\",\"name\":\"Careers - beatcore.co\",\"isPartOf\":{\"@id\":\"https:\/\/beatcore.co\/#website\"},\"datePublished\":\"2025-03-19T10:03:54+00:00\",\"dateModified\":\"2025-10-28T11:40:45+00:00\",\"description\":\"BeatCore TRAIN ofrece un entrenamiento personalizado que combina bajo impacto y alta intensidad. Buscamos una activaci\u00f3n muscular eficiente y mejoras f\u00edsicas integrales.\",\"breadcrumb\":{\"@id\":\"https:\/\/beatcore.co\/careers\/#breadcrumb\"},\"inLanguage\":\"en-GB\",\"potentialAction\":[{\"@type\":\"ReadAction\",\"target\":[\"https:\/\/beatcore.co\/careers\/\"]}]},{\"@type\":\"BreadcrumbList\",\"@id\":\"https:\/\/beatcore.co\/careers\/#breadcrumb\",\"itemListElement\":[{\"@type\":\"ListItem\",\"position\":1,\"name\":\"Portada\",\"item\":\"https:\/\/beatcore.co\/\"},{\"@type\":\"ListItem\",\"position\":2,\"name\":\"Careers\"}]},{\"@type\":\"WebSite\",\"@id\":\"https:\/\/beatcore.co\/#website\",\"url\":\"https:\/\/beatcore.co\/\",\"name\":\"beatcore.co\",\"description\":\"m\u00e9todo de entrenamiento pensado para motivarte\",\"publisher\":{\"@id\":\"https:\/\/beatcore.co\/#organization\"},\"potentialAction\":[{\"@type\":\"SearchAction\",\"target\":{\"@type\":\"EntryPoint\",\"urlTemplate\":\"https:\/\/beatcore.co\/?s={search_term_string}\"},\"query-input\":{\"@type\":\"PropertyValueSpecification\",\"valueRequired\":true,\"valueName\":\"search_term_string\"}}],\"inLanguage\":\"en-GB\"},{\"@type\":\"Organization\",\"@id\":\"https:\/\/beatcore.co\/#organization\",\"name\":\"beatcore.co\",\"url\":\"https:\/\/beatcore.co\/\",\"logo\":{\"@type\":\"ImageObject\",\"inLanguage\":\"en-GB\",\"@id\":\"https:\/\/beatcore.co\/#\/schema\/logo\/image\/\",\"url\":\"http:\/\/beatcore.co\/wp-content\/uploads\/2024\/08\/BC_LogoB1.png\",\"contentUrl\":\"http:\/\/beatcore.co\/wp-content\/uploads\/2024\/08\/BC_LogoB1.png\",\"width\":800,\"height\":533,\"caption\":\"beatcore.co\"},\"image\":{\"@id\":\"https:\/\/beatcore.co\/#\/schema\/logo\/image\/\"},\"sameAs\":[\"https:\/\/www.instagram.com\/beatcore_es\/\",\"https:\/\/www.linkedin.com\/company\/beatcore\/\"]}]}<\/script>\n<!-- \/ Yoast SEO plugin. -->","yoast_head_json":{"title":"Careers - beatcore.co","description":"BeatCore TRAIN ofrece un entrenamiento personalizado que combina bajo impacto y alta intensidad. Buscamos una activaci\u00f3n muscular eficiente y mejoras f\u00edsicas integrales.","robots":{"index":"index","follow":"follow","max-snippet":"max-snippet:-1","max-image-preview":"max-image-preview:large","max-video-preview":"max-video-preview:-1"},"canonical":"https:\/\/beatcore.co\/en\/careers\/","og_locale":"en_GB","og_type":"article","og_title":"Careers - beatcore.co","og_description":"BeatCore TRAIN ofrece un entrenamiento personalizado que combina bajo impacto y alta intensidad. Buscamos una activaci\u00f3n muscular eficiente y mejoras f\u00edsicas integrales.","og_url":"https:\/\/beatcore.co\/en\/careers\/","og_site_name":"beatcore.co","article_modified_time":"2025-10-28T11:40:45+00:00","twitter_card":"summary_large_image","twitter_misc":{"Estimated reading time":"1 minute"},"schema":{"@context":"https:\/\/schema.org","@graph":[{"@type":"WebPage","@id":"https:\/\/beatcore.co\/careers\/","url":"https:\/\/beatcore.co\/careers\/","name":"Careers - beatcore.co","isPartOf":{"@id":"https:\/\/beatcore.co\/#website"},"datePublished":"2025-03-19T10:03:54+00:00","dateModified":"2025-10-28T11:40:45+00:00","description":"BeatCore TRAIN ofrece un entrenamiento personalizado que combina bajo impacto y alta intensidad. Buscamos una activaci\u00f3n muscular eficiente y mejoras f\u00edsicas integrales.","breadcrumb":{"@id":"https:\/\/beatcore.co\/careers\/#breadcrumb"},"inLanguage":"en-GB","potentialAction":[{"@type":"ReadAction","target":["https:\/\/beatcore.co\/careers\/"]}]},{"@type":"BreadcrumbList","@id":"https:\/\/beatcore.co\/careers\/#breadcrumb","itemListElement":[{"@type":"ListItem","position":1,"name":"Portada","item":"https:\/\/beatcore.co\/"},{"@type":"ListItem","position":2,"name":"Careers"}]},{"@type":"WebSite","@id":"https:\/\/beatcore.co\/#website","url":"https:\/\/beatcore.co\/","name":"beatcore.co","description":"m\u00e9todo de entrenamiento pensado para motivarte","publisher":{"@id":"https:\/\/beatcore.co\/#organization"},"potentialAction":[{"@type":"SearchAction","target":{"@type":"EntryPoint","urlTemplate":"https:\/\/beatcore.co\/?s={search_term_string}"},"query-input":{"@type":"PropertyValueSpecification","valueRequired":true,"valueName":"search_term_string"}}],"inLanguage":"en-GB"},{"@type":"Organization","@id":"https:\/\/beatcore.co\/#organization","name":"beatcore.co","url":"https:\/\/beatcore.co\/","logo":{"@type":"ImageObject","inLanguage":"en-GB","@id":"https:\/\/beatcore.co\/#\/schema\/logo\/image\/","url":"http:\/\/beatcore.co\/wp-content\/uploads\/2024\/08\/BC_LogoB1.png","contentUrl":"http:\/\/beatcore.co\/wp-content\/uploads\/2024\/08\/BC_LogoB1.png","width":800,"height":533,"caption":"beatcore.co"},"image":{"@id":"https:\/\/beatcore.co\/#\/schema\/logo\/image\/"},"sameAs":["https:\/\/www.instagram.com\/beatcore_es\/","https:\/\/www.linkedin.com\/company\/beatcore\/"]}]}},"_links":{"self":[{"href":"https:\/\/beatcore.co\/en\/wp-json\/wp\/v2\/pages\/2352","targetHints":{"allow":["GET"]}}],"collection":[{"href":"https:\/\/beatcore.co\/en\/wp-json\/wp\/v2\/pages"}],"about":[{"href":"https:\/\/beatcore.co\/en\/wp-json\/wp\/v2\/types\/page"}],"author":[{"embeddable":true,"href":"https:\/\/beatcore.co\/en\/wp-json\/wp\/v2\/users\/1"}],"replies":[{"embeddable":true,"href":"https:\/\/beatcore.co\/en\/wp-json\/wp\/v2\/comments?post=2352"}],"version-history":[{"count":75,"href":"https:\/\/beatcore.co\/en\/wp-json\/wp\/v2\/pages\/2352\/revisions"}],"predecessor-version":[{"id":4394,"href":"https:\/\/beatcore.co\/en\/wp-json\/wp\/v2\/pages\/2352\/revisions\/4394"}],"wp:attachment":[{"href":"https:\/\/beatcore.co\/en\/wp-json\/wp\/v2\/media?parent=2352"}],"curies":[{"name":"wp","href":"https:\/\/api.w.org\/{rel}","templated":true}]}}